{"id":5608,"date":"2023-07-13T22:33:18","date_gmt":"2023-07-13T20:33:18","guid":{"rendered":"https:\/\/dastollhaus.de\/shop\/datenschutzerklaerung-eu\/"},"modified":"2023-07-13T22:33:18","modified_gmt":"2023-07-13T20:33:18","slug":"datenschutzerklaerung-eu","status":"publish","type":"page","link":"https:\/\/dastollhaus.de\/shop\/datenschutzerklaerung-eu\/","title":{"rendered":"Datenschutzerkl\u00e4rung (EU)"},"content":{"rendered":"\n<!-- Legal document generated by Complianz | GDPR\/CCPA Cookie Consent https:\/\/wordpress.org\/plugins\/complianz-gdpr -->\n<div id=\"cmplz-document\" class=\"cmplz-document privacy-statement cmplz-document-eu\"><p><i>This privacy statement was last updated on 02\/07\/2024 and applies to citizens and legal permanent residents of the European Economic Area and Switzerland.<\/i><br \/><br \/><\/p><p><p>In this privacy statement, we explain what we do with the data we obtain about you via <a href=\"https:\/\/dastollhaus.de\/shop\">https:\/\/dastollhaus.de\/shop<\/a>. We recommend you carefully read this statement. In our processing we comply with the requirements of privacy legislation. That means, among other things, that:<\/p><ul>\n                <li>we clearly state the purposes for which we process personal data. We do this by means of this privacy statement;<\/li>\n                <li>we aim to limit our collection of personal data to only the personal data required for legitimate purposes;<\/li>\n                <li>we first request your explicit consent to process your personal data in cases requiring your consent;<\/li>\n                <li>we take appropriate security measures to protect your personal data and also require this from parties that process personal data on our behalf;<\/li>\n                <li>we respect your right to access your personal data or have it corrected or deleted, at your request.<\/li>\n            <\/ul><p>If you have any questions, or want to know exactly what data we keep of you, please contact us.<\/p><\/p><h2>1. Purpose, data and retention period<\/h2>We may collect or receive personal information for a number of purposes connected with our business operations which may include the following: (click to expand)<details class=\"cmplz-dropdown dropdown-privacy-statement\"><summary><div><h3>1.1 Payments<\/h3><\/div><\/summary><p class=\"cmplz-subtitle\">For this purpose we use the following data:<\/p><p><ul><li>A first and last name<\/li><li>Account name or alias<\/li><li>A home or other physical address, including street name and name of a city or town<\/li><li>An email address<\/li><li>A telephone number<\/li><li>IP Address<\/li><\/ul><\/p><p class=\"cmplz-subtitle\">The basis on which we may process these data is:<\/p><p><a target=\"_blank\" rel=\"noopener noreferrer nofollow\" href=\"https:\/\/cookiedatabase.org\/legal-bases\/#consent\">Upon the provision of consent.<\/a><\/p><p class=\"cmplz-subtitle\">Retention period<\/p><p>We retain this data until the service is terminated.<\/p><\/details><details class=\"cmplz-dropdown dropdown-privacy-statement\"><summary><div><h3>1.2 Registering an account<\/h3><\/div><\/summary><p class=\"cmplz-subtitle\">For this purpose we use the following data:<\/p><p><ul><li>A first and last name<\/li><li>Account name or alias<\/li><li>A home or other physical address, including street name and name of a city or town<\/li><li>An email address<\/li><li>A telephone number<\/li><li>Date of birth<\/li><li>Sex<\/li><\/ul><\/p><p class=\"cmplz-subtitle\">The basis on which we may process these data is:<\/p><p><a target=\"_blank\" rel=\"noopener noreferrer nofollow\" href=\"https:\/\/cookiedatabase.org\/legal-bases\/#consent\">Upon the provision of consent.<\/a><\/p><p class=\"cmplz-subtitle\">Retention period<\/p><p>We retain this data until the service is terminated.<\/p><\/details><details class=\"cmplz-dropdown dropdown-privacy-statement\"><summary><div><h3>1.3 Newsletters<\/h3><\/div><\/summary><p class=\"cmplz-subtitle\">For this purpose we use the following data:<\/p><p><ul><li>A first and last name<\/li><li>Account name or alias<\/li><li>A home or other physical address, including street name and name of a city or town<\/li><li>An email address<\/li><li>A telephone number<\/li><li>Sex<\/li><\/ul><\/p><p class=\"cmplz-subtitle\">The basis on which we may process these data is:<\/p><p><a target=\"_blank\" rel=\"noopener noreferrer nofollow\" href=\"https:\/\/cookiedatabase.org\/legal-bases\/#consent\">Upon the provision of consent.<\/a><\/p><p class=\"cmplz-subtitle\">Retention period<\/p><p>We retain this data until the service is terminated.<\/p><\/details><details class=\"cmplz-dropdown dropdown-privacy-statement\"><summary><div><h3>1.4 To support services or products that a customer wants to buy or has purchased<\/h3><\/div><\/summary><p class=\"cmplz-subtitle\">For this purpose we use the following data:<\/p><p><ul><li>A first and last name<\/li><li>Account name or alias<\/li><li>A home or other physical address, including street name and name of a city or town<\/li><li>An email address<\/li><li>A telephone number<\/li><li>Date of birth<\/li><li>Sex<\/li><\/ul><\/p><p class=\"cmplz-subtitle\">The basis on which we may process these data is:<\/p><p><a target=\"_blank\" rel=\"noopener noreferrer nofollow\" href=\"https:\/\/cookiedatabase.org\/legal-bases\/#consent\">Upon the provision of consent.<\/a><\/p><p class=\"cmplz-subtitle\">Retention period<\/p><p>We retain this data until the service is terminated.<\/p><\/details><details class=\"cmplz-dropdown dropdown-privacy-statement\"><summary><div><h3>1.5 Compiling and analyzing statistics for website improvement.<\/h3><\/div><\/summary><p class=\"cmplz-subtitle\">For this purpose we use the following data:<\/p><p><ul><li>A first and last name<\/li><li>Account name or alias<\/li><li>A home or other physical address, including street name and name of a city or town<\/li><li>An email address<\/li><li>A telephone number<\/li><li>Date of birth<\/li><li>Sex<\/li><\/ul><\/p><p class=\"cmplz-subtitle\">The basis on which we may process these data is:<\/p><p><a target=\"_blank\" rel=\"noopener noreferrer nofollow\" href=\"https:\/\/cookiedatabase.org\/legal-bases\/#consent\">Upon the provision of consent.<\/a><\/p><p class=\"cmplz-subtitle\">Retention period<\/p><p>We retain this data until the service is terminated.<\/p><\/details><details class=\"cmplz-dropdown dropdown-privacy-statement\"><summary><div><h3>1.6 Deliveries<\/h3><\/div><\/summary><p class=\"cmplz-subtitle\">For this purpose we use the following data:<\/p><p><ul><li>A first and last name<\/li><li>Account name or alias<\/li><li>A home or other physical address, including street name and name of a city or town<\/li><li>An email address<\/li><li>A telephone number<\/li><li>Date of birth<\/li><li>Sex<\/li><\/ul><\/p><p class=\"cmplz-subtitle\">The basis on which we may process these data is:<\/p><p><a target=\"_blank\" rel=\"noopener noreferrer nofollow\" href=\"https:\/\/cookiedatabase.org\/legal-bases\/#consent\">Upon the provision of consent.<\/a><\/p><p class=\"cmplz-subtitle\">Retention period<\/p><p>We retain this data until the service is terminated.<\/p><\/details><h2>2. Cookies<\/h2><p>Our website uses cookies. For more information about cookies, please refer to our <a href=\"https:\/\/dastollhaus.de\/shop\/cookie-richtlinie-eu\/\">Cookie Policy<\/a>.&nbsp;<\/p><h2>3. Disclosure practices<\/h2><p><p>We disclose personal information if we are required by law or by a court order, in response to a law enforcement agency, to the extent permitted under other provisions of law, to provide information, or for an investigation on a matter related to public safety.<\/p><p>If our website or organisation is taken over, sold, or involved in a merger or acquisition, your details may be disclosed to our advisers and any prospective purchasers and will be passed on to the new owners.<\/p><\/p><p>We have concluded a data Processing Agreement with Google.<\/p><p>The inclusion of full IP addresses is blocked by us.<\/p><h2>4. Security<\/h2><p>We are committed to the security of personal data. We take appropriate security measures to limit abuse of and unauthorized access to personal data. This ensures that only the necessary persons have access to your data, that access to the data is protected, and that our security measures are regularly reviewed.<\/p><h2>5. Third-party websites<\/h2><p>This privacy statement does not apply to third-party websites connected by links on our website. We cannot guarantee that these third parties handle your personal data in a reliable or secure manner. We recommend you read the privacy statements of these websites prior to making use of these websites.<\/p><h2>6. Amendments to this privacy statement<\/h2><p>We reserve the right to make amendments to this privacy statement. It is recommended that you consult this privacy statement regularly in order to be aware of any changes. In addition, we will actively inform you wherever possible.<\/p><h2>7. Accessing and modifying your data<\/h2><p>If you have any questions or want to know which personal data we have about you, please contact us. You can contact us by using the information below. You have the following rights:<\/p><ul>\n                <li>You have the right to know why your personal data is needed, what will happen to it, and how long it will be retained for.<\/li>\n                <li>Right of access: You have the right to access your personal data that is known to us.<\/li>\n                <li>Right to rectification: you have the right to supplement, correct, have deleted or blocked your personal data whenever you wish.<\/li>\n                <li>If you give us your consent to process your data, you have the right to revoke that consent and to have your personal data deleted.<\/li>\n                <li>Right to transfer your data: you have the right to request all your personal data from the controller and transfer it in its entirety to another controller.<\/li>\n                <li>Right to object: you may object to the processing of your data. We comply with this, unless there are justified grounds for processing.<\/li>\n            <\/ul><p>Please make sure to always clearly state who you are, so that we can be certain that we do not modify or delete any data of the wrong person.<\/p><h2>8. Submitting a complaint<\/h2><p>If you are not satisfied with the way in which we handle (a complaint about) the processing of your personal data, you have the right to submit a complaint to the Data Protection Authority.<\/p><h2>9. Contact details<\/h2><p>M&amp;R Tainment GmbH<br \/>\n        Theodor-Heuss-Str. 48<br \/>\r\n61118 Bad Vilbel<br \/>\n        Germany<br \/>\n        Website: <a href=\"https:\/\/dastollhaus.de\/shop\">https:\/\/dastollhaus.de\/shop<\/a> <br \/>\n        Email: &#107;o&#110;&#116;&#097;kt&#064;das&#116;ol&#108;h&#097;&#117;&#115;.d&#101; <br \/>\n        Phone number: 06101 9861030<\/p><h2>10. Data Requests<\/h2><p>For the most frequently submitted requests, we also offer you the possibility to use our data request form<br \/>\t\t\t<div class=\"cmplz-datarequest cmplz-alert\">\n\t\t\t\t<span class=\"cmplz-close\">&times;<\/span>\n\t\t\t\t<span id=\"cmplz-message\"><\/span>\n\t\t\t<\/div>\n\t\t\t<form id=\"cmplz-datarequest-form\">\n\t\t\t\t<input type=\"hidden\" required value=\"eu\" name=\"cmplz_datarequest_region\" id=\"cmplz_datarequest_region\">\n\n\t\t\t\t<label for=\"cmplz_datarequest_firstname\" class=\"cmplz-first-name\">Name\t\t\t\t\t<input type=\"search\" class=\"datarequest-firstname\" value=\"\" placeholder=\"your first name\" id=\"cmplz_datarequest_firstname\" name=\"cmplz_datarequest_firstname\">\n\t\t\t\t<\/label>\n\t\t\t\t<div>\n\t\t\t\t\t<label for=\"cmplz_datarequest_name\">Name<\/label>\n\t\t\t\t\t<input type=\"text\" required value=\"\" placeholder=\"Your name\" id=\"cmplz_datarequest_name\" name=\"cmplz_datarequest_name\">\n\t\t\t\t<\/div>\n\t\t\t\t<div>\n\t\t\t\t\t<label for=\"cmplz_datarequest_email\">E-Mail-Adresse<\/label>\n\t\t\t\t\t<input type=\"email\" required value=\"\" placeholder=\"email@email.com\" id=\"cmplz_datarequest_email\" name=\"cmplz_datarequest_email\">\n\t\t\t\t<\/div>\n\t\t\t\t\t\t\t\t\t\t<div class=\"cmplz_datarequest cmplz_datarequest_request_for_access\">\n\t\t\t\t\t\t\t<label for=\"cmplz_datarequest_request_for_access\">\n\t\t\t\t\t\t\t\t<input type=\"checkbox\" value=\"1\" name=\"cmplz_datarequest_request_for_access\" id=\"cmplz_datarequest_request_for_access\" \/>\n\t\t\t\t\t\t\t\tSubmit a request for access to the data we process about you.\t\t\t\t\t\t\t<\/label>\n\t\t\t\t\t\t<\/div>\n\t\t\t\t\t\t\t\t\t\t<div class=\"cmplz_datarequest cmplz_datarequest_right_to_be_forgotten\">\n\t\t\t\t\t\t\t<label for=\"cmplz_datarequest_right_to_be_forgotten\">\n\t\t\t\t\t\t\t\t<input type=\"checkbox\" value=\"1\" name=\"cmplz_datarequest_right_to_be_forgotten\" id=\"cmplz_datarequest_right_to_be_forgotten\" \/>\n\t\t\t\t\t\t\t\tSubmit a request for deletion of the data if it is no longer relevant.\t\t\t\t\t\t\t<\/label>\n\t\t\t\t\t\t<\/div>\n\t\t\t\t\t\t\t\t\t\t<div class=\"cmplz_datarequest cmplz_datarequest_right_to_data_portability\">\n\t\t\t\t\t\t\t<label for=\"cmplz_datarequest_right_to_data_portability\">\n\t\t\t\t\t\t\t\t<input type=\"checkbox\" value=\"1\" name=\"cmplz_datarequest_right_to_data_portability\" id=\"cmplz_datarequest_right_to_data_portability\" \/>\n\t\t\t\t\t\t\t\tSubmit a request to receive an export file of the data we process about you.\t\t\t\t\t\t\t<\/label>\n\t\t\t\t\t\t<\/div>\n\t\t\t\t\t\t\t\t<input type=\"button\" id=\"cmplz-datarequest-submit\" value=\"Send\">\n\t\t\t<\/form>\n\n\t\t\t<style>\n\t\t\t\t\/* first-name is honeypot *\/\n\t\t\t\t.cmplz-first-name {\n\t\t\t\t\tposition: absolute !important;\n\t\t\t\t\tleft: -5000px !important;\n\t\t\t\t}\n\t\t\t<\/style>\n\t\t\t<\/p><h2>Annex<\/h2><p><h3>WooCommerce<\/h3>\r\n<div class=\"wp-suggested-text\">\r\n<p class=\"privacy-policy-tutorial\">Dieses Beispiel zeigt grundlegende Informationen dar\u00fcber, welche personenbezogenen Daten dein Shop erfassen, speichern und weitergeben sowie wer Zugriff auf diese Daten haben k\u00f6nnte. Abh\u00e4ngig von den aktivierten Einstellungen und den zus\u00e4tzlich genutzten Plugins werden sich die spezifischen Informationen unterscheiden, die dein Shop nutzt. Wir empfehlen eine Rechtsberatung, um zu kl\u00e4ren, welche Informationen deine Datenschutzerkl\u00e4rung enthalten sollte.<\/p>\r\nWir sammeln Informationen \u00fcber Dich w\u00e4hrend des Bestellvorgangs in unserem Shop.\r\n<h2>Was wir sammeln und speichern<\/h2>\r\nW\u00e4hrend du unsere Website besuchst, zeichnen wir auf:\r\n<ul>\r\n \t<li>Angesehene Produkte: Hier zeigen wir dir Produkte, die du vor Kurzem angesehen hast.<\/li>\r\n \t<li>Standort, IP-Adresse und Browser-Typ: Wir verwenden dies f\u00fcr Zwecke wie die Sch\u00e4tzung von Steuern und Versandkosten<\/li>\r\n \t<li>Versandadresse: Wir werden dich auffordern, diese anzugeben, um beispielsweise die Versandkosten bestimmen zu k\u00f6nnen, bevor du eine Bestellung aufgibst, und dir die Bestellung zusenden zu k\u00f6nnen.<\/li>\r\n<\/ul>\r\nWir nutzen auch Cookies, um den Inhalt deines Warenkorbs zu verfolgen, w\u00e4hrend du unsere Website besuchst.\r\n<p class=\"privacy-policy-tutorial\">Hinweis: Du solltest deine Cookie-Richtlinie mit weiteren Details erg\u00e4nzen und hier einen Link zu diesem Bereich setzen.<\/p>\r\nWenn du bei uns einkaufst, werden wir dich auffordern, Informationen wie deinen Namen, deine Rechnungs- und Versandadresse, deine E-Mail-Adresse und deine Telefonnummer, Kreditkartendaten\/Zahlungsdetails sowie optionale Kontoinformationen wie Benutzername und Kennwort anzugeben. Wir nutzen diese Informationen f\u00fcr folgende Zwecke:\r\n<ul>\r\n \t<li>Zusenden von Informationen \u00fcber dein Konto und Bestellung<\/li>\r\n \t<li>Antwort auf deine Anfragen, inklusive Erstattungen und Beschwerden<\/li>\r\n \t<li>Bearbeitung von Zahlungsvorg\u00e4ngen und Verhinderung von Betrug<\/li>\r\n \t<li>Richten Sie Ihr Konto f\u00fcr unseren Shop ein<\/li>\r\n \t<li>Einhaltung aller rechtlichen Verpflichtungen, beispielsweise die Steuerberechnung<\/li>\r\n \t<li>Verbesserung unserer Shop-Angebote<\/li>\r\n \t<li>Senden von Marketing-Nachrichten, wenn du diese erhalten m\u00f6chtest<\/li>\r\n<\/ul>\r\nWenn du ein Konto bei uns erstellst, speichern wir deinen Namen, deine Adresse, deine E-Mail-Adresse und deine Telefonnummer. Diese Angaben werden bei k\u00fcnftigen Bestellungen zum Ausf\u00fcllen der Bezahlinformationen verwendet.\r\n\r\nWir speichern Informationen \u00fcber dich \u00fcblicherweise so lange, wie wir sie f\u00fcr den Zweck der Erfassung und Nutzung ben\u00f6tigen und verpflichtet sind, sie zu speichern. Beispielsweise speichern wir Bestellinformationen f\u00fcr XXX Jahre aus Steuer- und Abrechnungsgr\u00fcnden. Dazu geh\u00f6rt dein Name, deine E-Mail-Adresse sowie deine Rechnungs- und Versandadresse.\r\n\r\nWir speichern auch Kommentare oder Bewertungen, wenn du dich dazu entscheidest, diese zu hinterlassen.\r\n<h2>Wer aus unserem Team hat Zugang<\/h2>\r\nMitglieder unseres Teams haben Zugang zu den Informationen, die du uns zur Verf\u00fcgung stellst. Zum Beispiel k\u00f6nnen sowohl Administratoren als auch Shop-Manager auf Folgendes zugreifen:\r\n<ul>\r\n \t<li>Bestellinformationen wie gekaufte Produkte, der Zeitpunkt des Kaufs sowie die Versandadresse und<\/li>\r\n \t<li>Kundeninformationen wie dein Name, E-Mail-Adresse, sowie Rechnungs- und Versandinformationen.<\/li>\r\n<\/ul>\r\nUnsere Teammitglieder haben Zugriff auf diese Informationen, um Bestellungen zu bearbeiten, R\u00fcckerstattungen vorzunehmen und Dich zu unterst\u00fctzen.\r\n<h2>Was wir mit anderen teilen<\/h2>\r\n<p class=\"privacy-policy-tutorial\">In diesem Bereich solltest du auff\u00fchren, an wen und zu welchem Zweck du Daten weitergibst. Dies kann unter anderem Analysen, Marketing, Zahlungs-Gateways, Versandanbieter und Drittanbieter-Elemente umfassen.<\/p>\r\nWir teilen Informationen mit Dritten, die uns helfen, Ihnen unsere Bestellungen und Dienstleistungen anzubieten. Zum Beispiel.\r\n<h3>Zahlungen<\/h3>\r\n<p class=\"privacy-policy-tutorial\">In diesem Unterbereich solltest du auflisten, welche externen Zahlungsabwickler die Zahlungen in deinem Shop verarbeiten, da diese Kundendaten verarbeiten k\u00f6nnen. Wir verwenden PayPal als Beispiel, wenn du PayPal aber nicht nutzt, solltest du dies entfernen.<\/p>\r\n&gt;\r\nWir akzeptieren Zahlungen mit PayPal. Bei der Zahlungsabwicklung werden einige deiner Daten an PayPal weitergegeben. Hierbei werden ausschlie\u00dflich erforderliche Informationen f\u00fcr die Verarbeitung oder Durchf\u00fchrung der Zahlung weitergegeben wie beispielsweise Gesamtkaufpreis und Zahlungsinformationen.\r\n\r\nHier kannst du dir die <a href=\"https:\/\/www.paypal.com\/us\/webapps\/mpp\/ua\/privacy-full\" target=\"_blank\" rel=\"noopener\">PayPal Datenschutzerkl\u00e4rung<\/a> ansehen.\r\n\r\n<\/div>\r\n<h3>Complianz | The Privacy Suite f\u00fcr WordPress<\/h3>\r\nDiese Website verwendet die Privacy Suite f\u00fcr WordPress von Complianz, um Datens\u00e4tze \u00fcber Einwilligungen zu sammeln.\u00a0F\u00fcr diese Funktionalit\u00e4t wird deine IP-Adresse anonymisiert und in unserer Datenbank gespeichert.\u00a0Weitere Informationen findest du in der Complianz <a href=\"https:\/\/complianz.io\/privacy-statement\/\" target=\"_blank\" rel=\"noopener\">Datenschutzerkl\u00e4rung<\/a>.\r\n<h3>YITH Plugins<\/h3>\r\n<div class=\"wp-suggested-text\">\r\n<p class=\"privacy-policy-tutorial\">Dieses Beispiel enth\u00e4lt die grundlegenden Informationen dar\u00fcber, welche pers\u00f6nlichen Daten dein Shop sammelt, speichert und weitergibt und wer Zugriff auf diese Daten hat. Je nachdem, welche Einstellungen aktiviert sind und welche zus\u00e4tzlichen Plugins verwendet werden, variieren die spezifischen Informationen, die dein Shop weitergibt. Wir empfehlen, einen Anwalt zu konsultieren, wenn du entscheidest, welche Informationen du in deiner Datenschutzrichtlinie offenlegen willst.<\/p>\r\n\r\n<h2>Was wir sammeln und speichern<\/h2>\r\n<p class=\"privacy-policy-tutorial\"><strong>YITH Event Tickets f\u00fcr WooCommerce<\/strong><\/p>\r\nWenn du ein Ticket kaufst, zeichnen wir auf:\r\n<ul>\r\n \t<li>Pers\u00f6nliche Daten des Besitzers: Diese Daten werden vom Veranstalter verwendet, um eine Liste der Teilnehmer zu erstellen.<\/li>\r\n \t<li>Gekaufter Service: Wir speichern die ausgew\u00e4hlten Serviceoptionen f\u00fcr dein Ticket, um dem Personal die Organisation der Veranstaltung zu erleichtern.<\/li>\r\n<\/ul>\r\nAu\u00dferdem verwenden wir Cookies, um deine Einstellungen f\u00fcr dein Ticket zu speichern und zu verhindern, dass du sie w\u00e4hrend derselben Sitzung mehrmals eingibst.\r\n<p class=\"privacy-policy-tutorial\"><strong>YITH Booking and Appointment for WooCommerce<\/strong><\/p>\r\nW\u00e4hrend du unsere Website besuchst, erfassen wir Informationen \u00fcber die Buchungen der Nutzer: Datum, Anzahl der Personen, hinzugef\u00fcgte Leistungen und alle anderen Informationen \u00fcber die Buchung.\r\n<p class=\"privacy-policy-tutorial\"><strong>YITH Geschenkkarten f\u00fcr WooCommerce Premium<\/strong><\/p>\r\nW\u00e4hrend du unsere Website besuchst, sammeln wir w\u00e4hrend des Bestellvorgangs in unserem Laden Informationen \u00fcber dich. Wir verfolgen:\r\n<ul>\r\n \t<li>Name des Absenders, Name des Empf\u00e4ngers und E-Mail-Adresse: Wir verwenden diese Angaben, um Geschenkkartenprodukte zu erstellen<\/li>\r\n<\/ul>\r\n<p class=\"privacy-policy-tutorial\"><strong>YITH WooCommerce Recover Abandoned Cart Premium<\/strong><\/p>\r\nW\u00e4hrend Sie unsere Website besuchen, verfolgen wir:\r\n<ul>\r\n \t<li>Dem Warenkorb hinzugef\u00fcgte Produkte: Diese werden verwendet, um Ihnen Marketingnachrichten zu senden und Sie zum Abschluss der Bestellung einzuladen.<\/li>\r\n \t<li>Name, Nachname, E-Mail-Adresse und Telefonnummer: Daten, die zum Zweck der Kontaktaufnahme verwendet werden.<\/li>\r\n<\/ul>\r\nWir verwenden Cookies auch, um Ihre Warenkorb-ID zu verfolgen, w\u00e4hrend Sie auf unserer Website surfen.\r\n<p class=\"privacy-policy-tutorial\">Hinweis: M\u00f6glicherweise m\u00f6chtest du weitere Details zu deiner Cookie-Richtlinie angeben und von hier aus einen Link zu diesem Abschnitt hinzuf\u00fcgen.<\/p>\r\n<p class=\"privacy-policy-tutorial\"><strong>YITH WooCommerce Wishlist<\/strong><\/p>\r\nW\u00e4hrend du unsere Website besuchst, werden wir dich verfolgen:\r\n<ul>\r\n \t<li>Produkte, die du zur Wunschliste hinzugef\u00fcgt hast: Wir verwenden diese Daten, um dir und anderen Nutzern deine Lieblingsprodukte zu zeigen und um gezielte E-Mail-Kampagnen zu erstellen.<\/li>\r\n \t<li>Von dir erstellte Wunschlisten: Wir behalten den \u00dcberblick \u00fcber die von dir erstellten Wunschlisten und machen sie f\u00fcr das Ladenpersonal sichtbar<\/li>\r\n<\/ul>\r\nWir verwenden auch Cookies, um den Inhalt der Wunschliste zu verfolgen, w\u00e4hrend du auf unserer Seite surfst.\r\n<h2>Wer in unserem Team hat Zugriff<\/h2>\r\n<p class=\"privacy-policy-tutorial\"><strong>YITH Event Tickets f\u00fcr WooCommerce<\/strong><\/p>\r\nMitglieder unseres Teams haben Zugang zu den Informationen, die du uns zur Verf\u00fcgung stellst. Zum Beispiel k\u00f6nnen sowohl Administratoren als auch Shop-Manager darauf zugreifen:\r\n<ul>\r\n \t<li>Ticket-Informationen, wie z.B. beliebte pers\u00f6nliche Daten oder Dienstleistungen<\/li>\r\n<\/ul>\r\nUnsere Teammitglieder haben Zugriff auf diese Informationen, um die Veranstaltung zu verwalten und die Teilnehmerliste zu erstellen.\r\n<p class=\"privacy-policy-tutorial\"><strong>YITH Booking and Appointment for WooCommerce<\/strong><\/p>\r\nMitglieder unseres Teams haben Zugang zu den Informationen, die du uns zur Verf\u00fcgung stellst. Zum Beispiel k\u00f6nnen sowohl Administratoren als auch Shop Manager auf Informationen \u00fcber Kundenbuchungen zugreifen.\r\n<p class=\"privacy-policy-tutorial\"><strong>YITH Geschenkkarten f\u00fcr WooCommerce Premium<\/strong><\/p>\r\nMitglieder unseres Teams haben Zugang zu den Informationen, die du uns zur Verf\u00fcgung stellst. Zum Beispiel k\u00f6nnen sowohl Administratoren als auch Shop Manager darauf zugreifen:\r\n<ul>\r\n \t<li>Name des Absenders, Name des Empf\u00e4ngers, E-Mail-Adresse des Empf\u00e4ngers, Lieferdatum, Nachricht, Betrag und Guthaben der von dir gekauften Geschenkkarte<\/li>\r\n<\/ul>\r\n<p class=\"privacy-policy-tutorial\"><strong>YITH WooCommerce Recover Abandoned Cart Premium<\/strong><\/p>\r\nMitglieder unseres Teams haben Zugriff auf die von dir bereitgestellten Informationen. Zum Beispiel sowohl Administratoren als auch Shop-Manager.\r\n\r\nUnsere Teammitglieder haben Zugriff auf diese Informationen, um dich bei der Auftragserf\u00fcllung und beim Support zu unterst\u00fctzen.\r\n<p class=\"privacy-policy-tutorial\"><strong>YITH WooCommerce Wishlist<\/strong><\/p>\r\nMitglieder unseres Teams haben Zugriff auf die Informationen, die du uns zur Verf\u00fcgung stellst. Zum Beispiel k\u00f6nnen sowohl Administratoren als auch Shop Manager darauf zugreifen:\r\n<ul>\r\n \t<li>Details zur Wunschliste, wie hinzugef\u00fcgte Produkte, Datum des Hinzuf\u00fcgens, Name und Datenschutzeinstellungen deiner Wunschlisten<\/li>\r\n<\/ul>\r\nUnsere Teammitglieder haben Zugang zu diesen Informationen, um dir bessere Angebote f\u00fcr die Produkte zu machen, die du liebst.\r\n<h2>Was wir mit anderen teilen<\/h2>\r\n<p class=\"privacy-policy-tutorial\"><strong>YITH Booking and Appointment for WooCommerce<\/strong><\/p>\r\n<p class=\"privacy-policy-tutorial\">Wenn du den gesamten Kalender mit einem gemeinsamen oder \u00f6ffentlichen Kalender auf Google synchronisierst<\/p>\r\nWir teilen den Kalender mit Buchungsinformationen \u00fcber Google Calendar\r\n<p class=\"privacy-policy-tutorial\">Wenn du den Verf\u00fcgbarkeitskalender f\u00fcr einige deiner buchbaren Produkte mit externen Diensten wie booking.com oder Airbnb synchronisierst<\/p>\r\nWir teilen den Verf\u00fcgbarkeitskalender mit externen Diensten wie booking.com oder Airbnb, da wir unsere buchbaren Produkte \u00fcber diese Portale verkaufen, um die Verf\u00fcgbarkeitsinformationen zu synchronisieren und \u00dcberbuchungen zu verhindern.\r\n\r\n<\/div>\r\n<h3>Loco Translate<\/h3>\r\nDieses Plugin sammelt keinerlei Daten von Besuchern dieser Website.\r\nAdministratoren und Auditoren k\u00f6nnen die <a href=\"https:\/\/localise.biz\/wordpress\/plugin\/privacy\" target=\"_blank\" rel=\"noopener\">Datenschutzerkl\u00e4rung des Loco-Translate-Plugins<\/a> einsehen.<\/p><\/div>\n","protected":false},"excerpt":{"rendered":"","protected":false},"author":1,"featured_media":0,"parent":0,"menu_order":0,"comment_status":"closed","ping_status":"closed","template":"","meta":{"rank_math_lock_modified_date":false,"footnotes":""},"class_list":["post-5608","page","type-page","status-publish","hentry"],"_links":{"self":[{"href":"https:\/\/dastollhaus.de\/shop\/wp-json\/wp\/v2\/pages\/5608","targetHints":{"allow":["GET"]}}],"collection":[{"href":"https:\/\/dastollhaus.de\/shop\/wp-json\/wp\/v2\/pages"}],"about":[{"href":"https:\/\/dastollhaus.de\/shop\/wp-json\/wp\/v2\/types\/page"}],"author":[{"embeddable":true,"href":"https:\/\/dastollhaus.de\/shop\/wp-json\/wp\/v2\/users\/1"}],"replies":[{"embeddable":true,"href":"https:\/\/dastollhaus.de\/shop\/wp-json\/wp\/v2\/comments?post=5608"}],"version-history":[{"count":0,"href":"https:\/\/dastollhaus.de\/shop\/wp-json\/wp\/v2\/pages\/5608\/revisions"}],"wp:attachment":[{"href":"https:\/\/dastollhaus.de\/shop\/wp-json\/wp\/v2\/media?parent=5608"}],"curies":[{"name":"wp","href":"https:\/\/api.w.org\/{rel}","templated":true}]}}