{"id":5854,"date":"2023-07-14T22:02:19","date_gmt":"2023-07-14T20:02:19","guid":{"rendered":"https:\/\/dastollhaus.de\/shop\/?post_type=product&#038;p=5854"},"modified":"2024-10-19T09:12:39","modified_gmt":"2024-10-19T07:12:39","slug":"reservierung-abendgatronomie","status":"publish","type":"product","link":"https:\/\/dastollhaus.de\/shop\/produkt\/reservierung-abendgatronomie\/","title":{"rendered":"Reservierung Abendgastronomie"},"content":{"rendered":"<h2>Willkommen in unserem Familien-Restaurant!<\/h2>\n<p>&nbsp;<\/p>\n<p>Hier k\u00f6nnen Jung &amp; Alt bei gutem Essen den Tag genie\u00dfen. In unserem Familien-Restaurant bekommt ihr frische und hausgemachte Speisen zu jederzeit. Zus\u00e4tzlich haben wir Freitag und Samstag Abend etwas ganz besonderes f\u00fcr die Familie! Unser Abendrestaurant, hier gerne vorab reservieren.<\/p>\n<p>F\u00fcr Restaurantbesucher ab 18:30 Uhr ist der Eintritt frei, allerdings gilt ein Mindestverzehr in H\u00f6he von 12 \u20ac pro Person. Wir freuen uns \u00fcber eine Reservierung.<\/p>\n","protected":false},"excerpt":{"rendered":"<p>Hier k\u00f6nnen Jung &amp; Alt bei gutem Essen den Tag genie\u00dfen. In unserem Familien-Restaurant bekommt ihr frische und hausgemachte Speisen zu jederzeit. Zus\u00e4tzlich haben wir Freitag und Samstag Abend etwas ganz besonderes f\u00fcr die Familie! Unser Abendrestaurant, hier gerne vorab reservieren.<\/p>\n<p>F\u00fcr Restaurantbesucher ab 18:30 Uhr ist der Eintritt frei, allerdings gilt ein Mindestverzehr in H\u00f6he von 12 \u20ac pro Person. Wir freuen uns \u00fcber eine Reservierung.<\/p>\n","protected":false},"featured_media":9196,"template":"","meta":{"rank_math_lock_modified_date":false},"product_cat":[82],"product_tag":[],"class_list":{"0":"post-5854","1":"product","2":"type-product","3":"status-publish","4":"has-post-thumbnail","6":"product_cat-tickets","8":"first","9":"instock","10":"virtual","11":"sold-individually","12":"taxable","13":"purchasable","14":"product-type-booking"},"_links":{"self":[{"href":"https:\/\/dastollhaus.de\/shop\/wp-json\/wp\/v2\/product\/5854","targetHints":{"allow":["GET"]}}],"collection":[{"href":"https:\/\/dastollhaus.de\/shop\/wp-json\/wp\/v2\/product"}],"about":[{"href":"https:\/\/dastollhaus.de\/shop\/wp-json\/wp\/v2\/types\/product"}],"version-history":[{"count":1,"href":"https:\/\/dastollhaus.de\/shop\/wp-json\/wp\/v2\/product\/5854\/revisions"}],"predecessor-version":[{"id":14710,"href":"https:\/\/dastollhaus.de\/shop\/wp-json\/wp\/v2\/product\/5854\/revisions\/14710"}],"wp:featuredmedia":[{"embeddable":true,"href":"https:\/\/dastollhaus.de\/shop\/wp-json\/wp\/v2\/media\/9196"}],"wp:attachment":[{"href":"https:\/\/dastollhaus.de\/shop\/wp-json\/wp\/v2\/media?parent=5854"}],"wp:term":[{"taxonomy":"product_cat","embeddable":true,"href":"https:\/\/dastollhaus.de\/shop\/wp-json\/wp\/v2\/product_cat?post=5854"},{"taxonomy":"product_tag","embeddable":true,"href":"https:\/\/dastollhaus.de\/shop\/wp-json\/wp\/v2\/product_tag?post=5854"}],"curies":[{"name":"wp","href":"https:\/\/api.w.org\/{rel}","templated":true}]}}